{"id":2,"date":"2016-06-24T13:44:48","date_gmt":"2016-06-24T16:44:48","guid":{"rendered":"http:\/\/www.luminacontabilidade.com.br\/blog\/?page_id=2"},"modified":"2016-10-12T11:42:11","modified_gmt":"2016-10-12T14:42:11","slug":"quem-somos","status":"publish","type":"page","link":"https:\/\/www.luminacontabilidade.com.br\/blog\/quem-somos\/","title":{"rendered":"Quem Somos"},"content":{"rendered":"<p>A Lumina Assessoria Cont\u00e1bil surgiu no mercado em 2014 com o objetivo de desenvolver um trabalho distinto na presta\u00e7\u00e3o de servi\u00e7os na \u00e1rea cont\u00e1bil, fiscal e trabalhista de micro e pequenas empresas. Por isso, a empresa preza pela transpar\u00eancia e presteza nas informa\u00e7\u00f5es destinadas aos clientes.<\/p>\n<!-- AddThis Advanced Settings generic via filter on the_content --><!-- AddThis Share Buttons generic via filter on the_content -->","protected":false},"excerpt":{"rendered":"<p>A Lumina Assessoria Cont\u00e1bil surgiu no mercado em 2014 com o objetivo de desenvolver um trabalho distinto na presta\u00e7\u00e3o de servi\u00e7os na \u00e1rea cont\u00e1bil, fiscal e trabalhista de micro e&#8230;<\/p>\n<div class=\"more-link-wrapper\"><a class=\"more-link\" href=\"https:\/\/www.luminacontabilidade.com.br\/blog\/quem-somos\/\">Continuar a ler&#8230;<span class=\"screen-reader-text\">Quem Somos<\/span><\/a><\/div>\n<p><!-- AddThis Advanced Settings generic via filter on get_the_excerpt --><!-- AddThis Share Buttons generic via filter on get_the_excerpt --><\/p>\n","protected":false},"author":1,"featured_media":0,"parent":0,"menu_order":0,"comment_status":"closed","ping_status":"open","template":"","meta":{"footnotes":""},"class_list":["post-2","page","type-page","status-publish","hentry","excerpt"],"_links":{"self":[{"href":"https:\/\/www.luminacontabilidade.com.br\/blog\/wp-json\/wp\/v2\/pages\/2","targetHints":{"allow":["GET"]}}],"collection":[{"href":"https:\/\/www.luminacontabilidade.com.br\/blog\/wp-json\/wp\/v2\/pages"}],"about":[{"href":"https:\/\/www.luminacontabilidade.com.br\/blog\/wp-json\/wp\/v2\/types\/page"}],"author":[{"embeddable":true,"href":"https:\/\/www.luminacontabilidade.com.br\/blog\/wp-json\/wp\/v2\/users\/1"}],"replies":[{"embeddable":true,"href":"https:\/\/www.luminacontabilidade.com.br\/blog\/wp-json\/wp\/v2\/comments?post=2"}],"version-history":[{"count":2,"href":"https:\/\/www.luminacontabilidade.com.br\/blog\/wp-json\/wp\/v2\/pages\/2\/revisions"}],"predecessor-version":[{"id":120,"href":"https:\/\/www.luminacontabilidade.com.br\/blog\/wp-json\/wp\/v2\/pages\/2\/revisions\/120"}],"wp:attachment":[{"href":"https:\/\/www.luminacontabilidade.com.br\/blog\/wp-json\/wp\/v2\/media?parent=2"}],"curies":[{"name":"wp","href":"https:\/\/api.w.org\/{rel}","templated":true}]}}